{"id":25,"date":"2019-07-20T18:26:49","date_gmt":"2019-07-20T15:26:49","guid":{"rendered":"http:\/\/www.sackaynak.co\/?page_id=25"},"modified":"2019-08-21T15:47:58","modified_gmt":"2019-08-21T12:47:58","slug":"sac-kaynak","status":"publish","type":"page","link":"http:\/\/www.sackaynak.co\/index.php\/sac-kaynak\/","title":{"rendered":"Sa\u00e7 Kaynak"},"content":{"rendered":"\n<div class=\"wp-block-image\"><figure class=\"alignleft\"><a href=\"https:\/\/web.archive.org\/web\/20180829195530\/http:\/\/www.sackaynak.co\/wp-content\/uploads\/2010\/08\/sa\u00e7-kaynak.jpg\"><img decoding=\"async\" src=\"https:\/\/web.archive.org\/web\/20180829195530im_\/http:\/\/www.sackaynak.co\/wp-content\/uploads\/2010\/08\/sa\u00e7-kaynak-225x300.jpg\" alt=\"Sa\u00e7 Kaynak\" class=\"wp-image-254\"\/><\/a><figcaption> Sa\u00e7 Kaynak <\/figcaption><\/figure><\/div>\n\n\n\n<p><\/p>\n\n\n\n<p>Y\u00fczy\u0131llar \u00f6ncesinden beri masallara bile konu olan<strong> Rapunzel<\/strong> gibi <strong>uzun sa\u00e7lara <\/strong>sahip olmak bir\u00e7ok ki\u015finin hayallerini s\u00fcslemektedir<strong>. Uzun sa\u00e7lara<\/strong> herhangi bir nedenden dolay\u0131 sahip olamayanlar\u0131n imdad\u0131na<strong> Sa\u00e7 uzatma sistemleri<\/strong>nin genel ad\u0131 olan olan <strong>Sa\u00e7 Kaynak <\/strong>\u00e7\u00f6z\u00fcm olmaktad\u0131r. <strong>Sa\u00e7 kaynak<\/strong>  kendi i\u00e7inde de farkl\u0131 sistemlerdedir, sa\u00e7 kaynak sistemleri  yap\u0131\u015ft\u0131rma, s\u0131k\u0131\u015ft\u0131rma, ba\u011flama ve \u00f6rg\u00fc sistemleri olarak kategorilere  ayr\u0131lmaktad\u0131r.<\/p>\n\n\n\n<p><strong> * Yap\u0131\u015ft\u0131rma y\u00f6ntemlerinin<\/strong> i\u00e7erisinde farkl\u0131 <strong>sa\u00e7 kaynak<\/strong> sistemleri vard\u0131r. Bunlar a\u015fa\u011f\u0131daki gibidir.<\/p>\n\n\n\n<ol class=\"wp-block-list\"><li>Mikro Sa\u00e7 Kaynak<br> <\/li><li><strong>Silikon Sa\u00e7 Kaynak<\/strong><\/li><li><strong>Keratin Sa\u00e7 Kayna\u011f\u0131<\/strong><\/li><li><strong>Mikro Bant Sa\u00e7 Kayna\u011f\u0131                                                                                                                                                                                                                                                                                                                                                          <\/strong><\/li><li><strong>Keratin Tube Sa\u00e7 Kayna\u011f\u0131<\/strong> (<strong>Keratin<\/strong> maddesi t\u00fcp \u015feklinde haz\u0131rlanm\u0131\u015ft\u0131r, Sa\u00e7\u0131 t\u0131\u011f yard\u0131m\u0131 ile i\u00e7inden ge\u00e7irdikten sonra <strong>Keratin Kaynak<\/strong> makinesi yard\u0131m\u0131yla eritilir ve sa\u00e7ta daha p\u00fcr\u00fczs\u00fcz bir g\u00f6r\u00fcnt\u00fc elde edilir.<\/li><\/ol>\n\n\n\n<p>* Yurt d\u0131\u015f\u0131nda genellikler \u0130ngiltere ve Avrupa \u00fclkelerinde ya\u015fayan \u0131rk\u0131n sa\u00e7 yap\u0131s\u0131 ince telli oldu\u011fu i\u00e7in <strong>Keratin kaynak<\/strong> daha reva\u00e7tad\u0131r. <strong>Keratin kayna\u011f\u0131 <\/strong>g\u00fczel bir yap\u0131\u015ft\u0131rma <strong>sa\u00e7 kaynak<\/strong> sitemidir<\/p>\n\n\n\n<p><strong>S\u0131k\u0131\u015ft\u0131rma Y\u00f6ntemleri Sa\u00e7 kayna\u011f\u0131<\/strong> sistemlerinin i\u00e7inde T\u00fcrkiye\u2019de en \u00e7ok tercih edilen y\u00f6ntemlerinden bir tanesidir.<\/p>\n\n\n\n<ol class=\"wp-block-list\"><li><strong>Boncuk Sa\u00e7 Kaynak<\/strong> olarak ta bilinen <strong>Halka Sa\u00e7 Kayna\u011f\u0131<\/strong><\/li><li>Tube Sa\u00e7 Kayna\u011f\u0131 (Metal t\u00fcp \u015feklinde halkalar )<\/li><li><strong>Loop halka sa\u00e7 kayna\u011f\u0131 (Boncuk Kaynak diye tabir etti\u011fimiz halkalar\u0131n i\u00e7erisine keratin yard\u0131m\u0131 ile fabrikasyon yap\u0131\u015ft\u0131r\u0131lm\u0131\u015f haz\u0131r sa\u00e7 kaynak u\u00e7lar\u0131)<\/strong><\/li><\/ol>\n\n\n\n<p>Ba\u011flama sistemi <strong>Brazilian Lock Hair Extensions<\/strong> yani <strong>Brezilya D\u00fc\u011f\u00fcm\u00fc Sa\u00e7 Kayna\u011f\u0131<\/strong> G\u00fcney Amerika \u00fclkelerinde Afro Latin \u0131rk\u0131n\u0131n tercih etmi\u015f oldu\u011fu bir <strong>sa\u00e7 kaynak <\/strong>sistemidir.<\/p>\n\n\n\n<p>Bu sistemde <strong>Sa\u00e7 kayna\u011f\u0131<\/strong> yap\u0131lacak sa\u00e7 tutamlar\u0131 kullan\u0131c\u0131n\u0131n sa\u00e7\u0131 ile birbirine ba\u011flama y\u00f6ntemi ile yap\u0131lmaktad\u0131r. <strong>Sa\u00e7a<\/strong>\n zarar vermeyen en g\u00fczel sistem olmaktad\u0131r. Zaman olarak di\u011fer \nsistemlerden \u00e7ok uzun s\u00fcrmektedir. Bu y\u00fczden i\u015f\u00e7ilik maliyetinden dolay\u0131\n pahal\u0131 bir sistemdir.<\/p>\n\n\n\n<p><strong>\u00d6rg\u00fc sistemi sa\u00e7 kayna\u011f\u0131<\/strong>  sa\u00e7lar\u0131 sa\u00e7 derisine yap\u0131\u015f\u0131k s\u0131k\u0131 bir \u015fekilde tamamen \u00f6r\u00fcld\u00fckten sonra.  Tresslenmi\u015f olan (Yani ip \u00fczerine dikilmi\u015f sa\u00e7 dizisi) &nbsp;\u00d6rg\u00fc yap\u0131lm\u0131\u015f  sa\u00e7 \u00fczerine sa\u011fdan sola soldan sa\u011fa S harfi \u00e7izerek sa\u00e7 \u00fczerine i\u011fne  iplik yard\u0131m\u0131 ile dikilir. Sa\u00e7lar\u0131 \u00e7ok k\u0131v\u0131rc\u0131k ve dalgal\u0131 olan ki\u015filere  \u00f6nerilir. Bu sistemi yine Afro ve Latin \u0131rk\u0131 tercih ediyor.<\/p>\n\n\n\n<p><strong>Soru: Sa\u00e7 Kaynak nedir?<\/strong><\/p>\n\n\n\n<p>Cevap: Sa\u00e7 Kaynak sa\u00e7\u0131n\u0131za ger\u00e7ek insan sa\u00e7\u0131 sa\u00e7\u0131n\u0131za uygun doku ve \nrenk ile uyumlu sa\u00e7lar\u0131n sa\u00e7\u0131n\u0131za eklenme y\u00f6nteminin geneline sa\u00e7 kaynak\n denilmektedir.<\/p>\n\n\n\n<p><strong>Soru: Ka\u00e7 \u00e7e\u015fit sa\u00e7 kaynak vard\u0131r?<\/strong><\/p>\n\n\n\n<p>Cevap: T\u00fcrkiye\u2019de genel olarak bilinen sadece birka\u00e7 sa\u00e7 kaynak \ny\u00f6ntemi var. Fakat 1988 y\u0131l\u0131ndan beri T\u00fcrkiye\u2019de sa\u00e7 kaynak sekt\u00f6r\u00fcnde \n\u00f6nc\u00fc olan sach sa\u00e7 kaynak merkezinde 14 farkl\u0131 sa\u00e7 kaynak y\u00f6ntemi \nmevcuttur. Her sa\u00e7 kaynak y\u00f6ntemi farkl\u0131 sa\u00e7 tipleri i\u00e7in uygundur. \nSa\u00e7\u0131n\u0131za hangi sa\u00e7 kaynak y\u00f6ntemi uygun bunu \u00f6\u011frenmek i\u00e7in uzman\u0131m\u0131zdan \nrandevu alarak sa\u00e7\u0131n\u0131za uygun y\u00f6ntemi \u00fccretsiz \u00f6\u011frenebilirsiniz.<\/p>\n\n\n\n<p><strong>Soru: Sa\u00e7 kaynak uygulamas\u0131 kendi sa\u00e7lar\u0131ma zarar verir mi?<\/strong><\/p>\n\n\n\n<p>Cevap: Sa\u00e7 kayna\u011f\u0131n\u0131n zararlar\u0131 sadece profesyonel olmayan ki\u015filer \ntaraf\u0131ndan bilin\u00e7siz bir \u015fekilde yap\u0131ld\u0131\u011f\u0131nda zarar verir. Profesyonel \nsa\u00e7 kaynak uzman\u0131m\u0131z taraf\u0131ndan yap\u0131lan sa\u00e7kaynaklar\u0131 garantilidir.<\/p>\n\n\n\n<p><strong>Soru: Sa\u00e7lar\u0131ma yapt\u0131raca\u011f\u0131m sa\u00e7 kayna\u011f\u0131n\u0131 ne kadar zaman kullanabilirim.<\/strong><\/p>\n\n\n\n<p>Cevap: Sa\u00e7lar\u0131n\u0131z\u0131n uzama s\u00fcresine ba\u011fl\u0131 olmak \u00fczere 3 ay ila 7 ay \ns\u00fcresince sa\u00e7 kaynaklar\u0131n\u0131z\u0131 kullanabilirsiniz. Elbette sa\u00e7\u0131n\u0131za \nyap\u0131lacak olan kaynak y\u00f6ntemine de ba\u011fl\u0131.<\/p>\n\n\n\n<p><strong>Soru: Ka\u00e7 adet sa\u00e7 kaynak takt\u0131rmam gerekiyor?<\/strong><\/p>\n\n\n\n<p>Cevap: Sa\u00e7lar\u0131n\u0131za tak\u0131lacak olan kaynak sa\u00e7 miktar\u0131 kafatas\u0131n\u0131z\u0131n \ngeni\u015fli\u011fi ve sa\u00e7lar\u0131n\u0131z\u0131n g\u00fcrl\u00fc\u011f\u00fc ile alakal\u0131 olmaktad\u0131r. Ortalama \ntak\u0131lacak olan kaynak sa\u00e7 miktar\u0131 150 adet ile 200 adet aras\u0131nda a\u015fa\u011f\u0131 \nyukar\u0131 de\u011fi\u015fmektedir.<\/p>\n\n\n\n<p><strong>Soru: Sa\u00e7lar\u0131ma kaynak yapt\u0131rmak i\u00e7in sa\u00e7lar\u0131m\u0131n uzunlu\u011funun ne kadar olmas\u0131 gerekiyor?<\/strong><\/p>\n\n\n\n<p>Cevap: Biz sach sa\u00e7 kaynak merkezi olarak son sistem sa\u00e7 kayna\u011f\u0131 mikro sa\u00e7 kaynak  uygulamas\u0131 ile en k\u0131sa 1cm uzunlu\u011fundaki sa\u00e7lara bile sa\u00e7 kayna\u011f\u0131  yapmaktay\u0131z. Sa\u00e7lar\u0131n\u0131z\u0131n uzunlu\u011fu ne kadar olursa olsun sa\u00e7lar\u0131n\u0131za  uzun sa\u00e7 kaynaklar\u0131 yapmaktay\u0131z.<\/p>\n\n\n\n<p><strong>Soru: Sa\u00e7 kaynak bak\u0131m\u0131 i\u00e7in neler yapmam gerekiyor?<\/strong><\/p>\n\n\n\n<p>Cevap: Sa\u00e7lar\u0131n\u0131za kaynak yapt\u0131rd\u0131ktan sonra sa\u00e7lar\u0131n\u0131za her hangi \n\u00f6zel bir sa\u00e7 bak\u0131m\u0131 yapman\u0131za gerek yoktur. Sa\u00e7lar\u0131n\u0131za kaynak \nyapt\u0131\u011f\u0131m\u0131zda sa\u00e7lar\u0131n\u0131z\u0131n ayl\u0131k kontrollerini ve kaynak sa\u00e7 bak\u0131m\u0131n\u0131 \n\u00fccretsiz olarak yapmaktay\u0131z. Sa\u00e7 kaynak bak\u0131m\u0131 30 dakika s\u00fcren sa\u00e7 \ndiplerinin kontrol\u00fcnden ve kar\u0131\u015fan dola\u015fan sa\u00e7lar varsa bunlar\u0131 a\u00e7\u0131p \nd\u00fczeltmeden olu\u015fan bir kaynak sa\u00e7 bak\u0131m\u0131d\u0131r. Sa\u00e7lar\u0131n\u0131za her hangi bir \nkimyasal bak\u0131m \u00fcr\u00fcn\u00fc kullan\u0131lmamaktad\u0131r.<\/p>\n\n\n\n<p><strong>Soru: Sa\u00e7 kaynak fiyatlar\u0131 her sa\u00e7 kaynak merkezi ve kuaf\u00f6rde farkl\u0131 bu neden kaynaklan\u0131yor?<\/strong><\/p>\n\n\n\n<p>Cevap: Piyasada farkl\u0131 kalitede sa\u00e7lar mevcuttur. Bu sa\u00e7lar remy ve \nnon remy olmak \u00fczere ikiye ayr\u0131lmaktad\u0131r. Remy sa\u00e7lar dip ve u\u00e7lar\u0131 \nkar\u0131\u015f\u0131k olmayan sa\u00e7 kayna\u011f\u0131n\u0131 takt\u0131rd\u0131ktan sonra sa\u00e7lar\u0131n\u0131zda dola\u015fma ve\n kar\u0131\u015fma olmayan sa\u00e7lard\u0131r. Non remy sa\u00e7lar ise dipleri ve u\u00e7lar\u0131 \nkar\u0131\u015f\u0131k kaynak olarak tak\u0131lmas\u0131 uygun olmayan sa\u00e7lard\u0131r. Non remy \nsa\u00e7lar\u0131 kaynak i\u015fleminde kullan\u0131ld\u0131\u011f\u0131nda sa\u00e7 kaynaklar\u0131 dola\u015f\u0131r. Bu iki \nsa\u00e7 aras\u0131nda yar\u0131 yar\u0131ya fiyat fark\u0131 vard\u0131r.<\/p>\n","protected":false},"excerpt":{"rendered":"<p>Y\u00fczy\u0131llar \u00f6ncesinden beri masallara bile konu olan Rapunzel gibi uzun sa\u00e7lara sahip olmak bir\u00e7ok ki\u015finin hayallerini s\u00fcslemektedir. Uzun sa\u00e7lara herhangi bir nedenden dolay\u0131 sahip olamayanlar\u0131n imdad\u0131na Sa\u00e7 uzatma sistemlerinin genel ad\u0131 olan olan Sa\u00e7 Kaynak \u00e7\u00f6z\u00fcm olmaktad\u0131r. Sa\u00e7 kaynak kendi i\u00e7inde de farkl\u0131 sistemlerdedir, sa\u00e7 kaynak sistemleri<\/p>\n","protected":false},"author":1,"featured_media":0,"parent":0,"menu_order":0,"comment_status":"closed","ping_status":"closed","template":"","meta":{"footnotes":""},"tags":[7,30,28,29,3,26,27,25],"class_list":["post-25","page","type-page","status-publish","hentry","tag-boncuk-sac-kaynak","tag-keratin-kaynak","tag-keratin-sac-kaynagi","tag-mikro-bant-sac-kaynagi","tag-sac-kaynak","tag-sac-uzatma-sistemleri","tag-silikon-sac-kaynak","tag-uzun-saclar"],"aioseo_notices":[],"_links":{"self":[{"href":"http:\/\/www.sackaynak.co\/index.php\/wp-json\/wp\/v2\/pages\/25","targetHints":{"allow":["GET"]}}],"collection":[{"href":"http:\/\/www.sackaynak.co\/index.php\/wp-json\/wp\/v2\/pages"}],"about":[{"href":"http:\/\/www.sackaynak.co\/index.php\/wp-json\/wp\/v2\/types\/page"}],"author":[{"embeddable":true,"href":"http:\/\/www.sackaynak.co\/index.php\/wp-json\/wp\/v2\/users\/1"}],"replies":[{"embeddable":true,"href":"http:\/\/www.sackaynak.co\/index.php\/wp-json\/wp\/v2\/comments?post=25"}],"version-history":[{"count":2,"href":"http:\/\/www.sackaynak.co\/index.php\/wp-json\/wp\/v2\/pages\/25\/revisions"}],"predecessor-version":[{"id":63,"href":"http:\/\/www.sackaynak.co\/index.php\/wp-json\/wp\/v2\/pages\/25\/revisions\/63"}],"wp:attachment":[{"href":"http:\/\/www.sackaynak.co\/index.php\/wp-json\/wp\/v2\/media?parent=25"}],"wp:term":[{"taxonomy":"post_tag","embeddable":true,"href":"http:\/\/www.sackaynak.co\/index.php\/wp-json\/wp\/v2\/tags?post=25"}],"curies":[{"name":"wp","href":"https:\/\/api.w.org\/{rel}","templated":true}]}}