{"id":28,"date":"2019-07-20T18:27:39","date_gmt":"2019-07-20T15:27:39","guid":{"rendered":"http:\/\/www.sackaynak.co\/?page_id=28"},"modified":"2019-08-21T10:46:52","modified_gmt":"2019-08-21T07:46:52","slug":"cit-cit-sac","status":"publish","type":"page","link":"http:\/\/www.sackaynak.co\/index.php\/cit-cit-sac\/","title":{"rendered":"\u00c7\u0131t \u00c7\u0131t Sa\u00e7"},"content":{"rendered":"\n<div class=\"wp-block-image\"><figure class=\"alignleft\"><a href=\"https:\/\/web.archive.org\/web\/20180829215326\/http:\/\/www.sackaynak.co\/wp-content\/uploads\/2010\/08\/sa\u00e7-kayna\u011f\u0131.jpg\"><img decoding=\"async\" src=\"https:\/\/web.archive.org\/web\/20180829215326im_\/http:\/\/www.sackaynak.co\/wp-content\/uploads\/2010\/08\/sa\u00e7-kayna\u011f\u0131-225x300.jpg\" alt=\"\u00c7\u0131t \u00c7\u0131t Sa\u00e7\" class=\"wp-image-257\"\/><\/a><figcaption> \u00c7\u0131t \u00c7\u0131t Sa\u00e7 <\/figcaption><\/figure><\/div>\n\n\n\n<p>\u00c7\u0131t \u00c7\u0131t Sa\u00e7 uzatma ve sa\u00e7 g\u00fcrle\u015ftirme sistemlerinin en pratik ve \nhesapl\u0131 yoludur. \u00c7\u0131t \u00c7\u0131t sa\u00e7\u0131n sa\u00e7\u0131n\u0131za zarar verme riski yoktur, \u00e7\u0131t \n\u00e7\u0131t sa\u00e7lar\u0131n\u0131z\u0131 istedi\u011finizde tak\u0131p \u00e7\u0131karabilirsiniz.<\/p>\n\n\n\n<p>\u00c7\u0131t \u00c7\u0131t sa\u00e7lar genelde 8 par\u00e7a tak\u0131m halinde sunulmaktad\u0131r, her ne \nkadar 8 par\u00e7a \u00e7\u0131t \u00e7\u0131t tak\u0131m olarak sunulsada 6 par\u00e7a \u00e7\u0131t \u00e7\u0131t ,&nbsp; 3 par\u00e7a \n\u00e7\u0131t \u00e7\u0131t sa\u00e7lar istenilen miktar ve yo\u011funlukta tek par\u00e7a olarakta \nsat\u0131lmaktad\u0131r.<\/p>\n\n\n\n<p>Sitemizden \u00c7\u0131t \u00c7\u0131t Sa\u00e7lar hakk\u0131nda ayr\u0131nt\u0131l\u0131 bilgi edinebilirisiniz.<\/p>\n\n\n\n<p>Sach <a href=\"https:\/\/web.archive.org\/web\/20180829215326\/http:\/\/sackaynak.co\/sac-kaynak\">Sa\u00e7 Kaynak<\/a>\n merkezi olarak sizler i\u00e7in haz\u0131rlam\u0131\u015f oldu\u011fumuz crazy color renkleri \nile tek par\u00e7a veya iki par\u00e7a olarakta \u00e7\u0131t \u00e7\u0131t sa\u00e7 ile sa\u00e7lar\u0131n\u0131z\u0131n \naras\u0131na istedi\u011finiz renklerde sa\u00e7 ilave edebilirsiniz.<\/p>\n\n\n\n<p>Crazy Color renkleri Canl\u0131 Gece Mavisi , Derin K\u0131rm\u0131z\u0131,<\/p>\n\n\n\n<h2 class=\"wp-block-heading\">\u00c7\u0131t \u00c7\u0131t Sa\u00e7 Nas\u0131l Tak\u0131l\u0131r?<\/h2>\n\n\n\n<h2 class=\"wp-block-heading\">\u00c7\u0131t \u00c7\u0131t Sa\u00e7 Nas\u0131l Y\u0131kan\u0131r?<\/h2>\n\n\n\n<h2 class=\"wp-block-heading\">\u00c7\u0131t \u00c7\u0131t Sa\u00e7 Bak\u0131m\u0131<\/h2>\n\n\n\n<h2 class=\"wp-block-heading\">\u00c7\u0131t \u00c7\u0131t Sa\u00e7 Yap\u0131m\u0131<\/h2>\n\n\n\n<h2 class=\"wp-block-heading\">\u00c7\u0131t \u00c7\u0131t Sa\u00e7 Modelleri<\/h2>\n\n\n\n<p>Pembe, Mor, Turuncu ve&nbsp; Fosforlu Sar\u0131 renklerde mevcuttur.<\/p>\n\n\n\n<p>Crazy Color Renklerini inceleyebilirsiniz.<\/p>\n","protected":false},"excerpt":{"rendered":"<p>\u00c7\u0131t \u00c7\u0131t Sa\u00e7 uzatma ve sa\u00e7 g\u00fcrle\u015ftirme sistemlerinin en pratik ve hesapl\u0131 yoludur. \u00c7\u0131t \u00c7\u0131t sa\u00e7\u0131n sa\u00e7\u0131n\u0131za zarar verme riski yoktur, \u00e7\u0131t \u00e7\u0131t sa\u00e7lar\u0131n\u0131z\u0131 istedi\u011finizde tak\u0131p \u00e7\u0131karabilirsiniz. \u00c7\u0131t \u00c7\u0131t sa\u00e7lar genelde 8 par\u00e7a tak\u0131m halinde sunulmaktad\u0131r, her ne kadar 8 par\u00e7a \u00e7\u0131t \u00e7\u0131t tak\u0131m olarak sunulsada 6<\/p>\n","protected":false},"author":1,"featured_media":0,"parent":0,"menu_order":0,"comment_status":"closed","ping_status":"closed","template":"","meta":{"footnotes":""},"tags":[19,23,24,21,22,20,3],"class_list":["post-28","page","type-page","status-publish","hentry","tag-cit-cit-sac","tag-cit-cit-sac-bakimi","tag-cit-cit-sac-modelleri","tag-cit-cit-sac-nasil-takilir","tag-cit-cit-sac-nasil-yikanir","tag-citcit-sac","tag-sac-kaynak"],"aioseo_notices":[],"_links":{"self":[{"href":"http:\/\/www.sackaynak.co\/index.php\/wp-json\/wp\/v2\/pages\/28","targetHints":{"allow":["GET"]}}],"collection":[{"href":"http:\/\/www.sackaynak.co\/index.php\/wp-json\/wp\/v2\/pages"}],"about":[{"href":"http:\/\/www.sackaynak.co\/index.php\/wp-json\/wp\/v2\/types\/page"}],"author":[{"embeddable":true,"href":"http:\/\/www.sackaynak.co\/index.php\/wp-json\/wp\/v2\/users\/1"}],"replies":[{"embeddable":true,"href":"http:\/\/www.sackaynak.co\/index.php\/wp-json\/wp\/v2\/comments?post=28"}],"version-history":[{"count":1,"href":"http:\/\/www.sackaynak.co\/index.php\/wp-json\/wp\/v2\/pages\/28\/revisions"}],"predecessor-version":[{"id":30,"href":"http:\/\/www.sackaynak.co\/index.php\/wp-json\/wp\/v2\/pages\/28\/revisions\/30"}],"wp:attachment":[{"href":"http:\/\/www.sackaynak.co\/index.php\/wp-json\/wp\/v2\/media?parent=28"}],"wp:term":[{"taxonomy":"post_tag","embeddable":true,"href":"http:\/\/www.sackaynak.co\/index.php\/wp-json\/wp\/v2\/tags?post=28"}],"curies":[{"name":"wp","href":"https:\/\/api.w.org\/{rel}","templated":true}]}}