{"id":31,"date":"2019-07-20T18:29:58","date_gmt":"2019-07-20T15:29:58","guid":{"rendered":"http:\/\/www.sackaynak.co\/?page_id=31"},"modified":"2019-07-20T18:29:58","modified_gmt":"2019-07-20T15:29:58","slug":"kisa-saca-kaynak","status":"publish","type":"page","link":"http:\/\/www.sackaynak.co\/index.php\/kisa-saca-kaynak\/","title":{"rendered":"K\u0131sa Sa\u00e7a Kaynak"},"content":{"rendered":"\n<h2 class=\"wp-block-heading\">K\u0131sa Sa\u00e7a Kaynak<\/h2>\n\n\n\n<p>\u00c7ok k\u0131sa sa\u00e7a yapt\u0131\u011f\u0131m\u0131z kayna\u011f\u0131n resimlerini ve k\u0131sa sa\u00e7a nas\u0131l <a href=\"http:\/\/sackaynak.co\/sac-kaynak\/mikro-kaynak\">mikro kaynak<\/a> yap\u0131ld\u0131\u011f\u0131n\u0131n videosunu sizinle payla\u015faca\u011f\u0131z <strong><a href=\"http:\/\/sackaynak.co\/sac-kaynak\">Sa\u00e7 Kaynak<\/a> Uzman\u0131 Murat Koluk\u0131r\u0131k<\/strong>.<\/p>\n\n\n\n<p>Bir anl\u0131k \u00f6fkeyle kestirdi\u011finiz sa\u00e7lar\u0131n\u0131zdan memnun de\u011fil iseniz onlar\u0131 uzatmak m\u00fcmk\u00fcn <em><strong>mikro kaynak<\/strong><\/em> form\u00fcl\u00fcyle \u00e7ok k\u0131sa sa\u00e7lara bile kaynak yap\u0131labiliyor.<\/p>\n\n\n\n<h3 class=\"wp-block-heading\">Mobil ekip ile evine gitti\u011fimiz m\u00fc\u015fterimizin sa\u00e7 kaynak Resimleri<\/h3>\n\n\n\n<div class=\"wp-block-image\"><figure class=\"aligncenter\"><a href=\"https:\/\/web.archive.org\/web\/20180829182255\/http:\/\/sackaynak.co\/wp-content\/uploads\/2013\/05\/K\u0131sa-Sa\u00e7a-Kaynak-6.jpg\"><img decoding=\"async\" src=\"https:\/\/web.archive.org\/web\/20180829182255im_\/http:\/\/sackaynak.co\/wp-content\/uploads\/2013\/05\/K\u0131sa-Sa\u00e7a-Kaynak-6.jpg\" alt=\"K\u0131sa Sa\u00e7a Kaynak \" class=\"wp-image-491\"\/><\/a><figcaption> K\u0131sa Sa\u00e7a Kaynak <\/figcaption><\/figure><\/div>\n\n\n\n<div class=\"wp-block-image\"><figure class=\"aligncenter\"><a href=\"https:\/\/web.archive.org\/web\/20180829182255\/http:\/\/sackaynak.co\/wp-content\/uploads\/2013\/05\/K\u0131sa-Sa\u00e7a-Kaynak-1.jpg\"><img decoding=\"async\" src=\"https:\/\/web.archive.org\/web\/20180829182255im_\/http:\/\/sackaynak.co\/wp-content\/uploads\/2013\/05\/K\u0131sa-Sa\u00e7a-Kaynak-1.jpg\" alt=\"K\u0131sa Sa\u00e7a Kaynak \" class=\"wp-image-481\"\/><\/a><figcaption> K\u0131sa Sa\u00e7a Kaynak <\/figcaption><\/figure><\/div>\n\n\n\n<div class=\"wp-block-image\"><figure class=\"aligncenter\"><a href=\"https:\/\/web.archive.org\/web\/20180829182255\/http:\/\/sackaynak.co\/wp-content\/uploads\/2013\/05\/K\u0131sa-Sa\u00e7a-Kaynak-2.jpg\"><img decoding=\"async\" src=\"https:\/\/web.archive.org\/web\/20180829182255im_\/http:\/\/sackaynak.co\/wp-content\/uploads\/2013\/05\/K\u0131sa-Sa\u00e7a-Kaynak-2.jpg\" alt=\"K\u0131sa Sa\u00e7a Kaynak \" class=\"wp-image-482\"\/><\/a><figcaption> K\u0131sa Sa\u00e7a Kaynak <\/figcaption><\/figure><\/div>\n\n\n\n<div class=\"wp-block-image\"><figure class=\"aligncenter\"><a href=\"https:\/\/web.archive.org\/web\/20180829182255\/http:\/\/sackaynak.co\/wp-content\/uploads\/2013\/05\/K\u0131sa-Sa\u00e7a-Kaynak-3.jpg\"><img decoding=\"async\" src=\"https:\/\/web.archive.org\/web\/20180829182255im_\/http:\/\/sackaynak.co\/wp-content\/uploads\/2013\/05\/K\u0131sa-Sa\u00e7a-Kaynak-3.jpg\" alt=\"K\u0131sa Sa\u00e7a Kaynak\" class=\"wp-image-483\"\/><\/a><figcaption> K\u0131sa Sa\u00e7a Kaynak <\/figcaption><\/figure><\/div>\n\n\n\n<div class=\"wp-block-image\"><figure class=\"aligncenter\"><a href=\"https:\/\/web.archive.org\/web\/20180829182255\/http:\/\/sackaynak.co\/wp-content\/uploads\/2013\/05\/K\u0131sa-Sa\u00e7a-Kaynak-14.jpg\"><img decoding=\"async\" src=\"https:\/\/web.archive.org\/web\/20180829182255im_\/http:\/\/sackaynak.co\/wp-content\/uploads\/2013\/05\/K\u0131sa-Sa\u00e7a-Kaynak-14.jpg\" alt=\"K\u0131sa Sa\u00e7a Kaynak \" class=\"wp-image-484\"\/><\/a><figcaption> K\u0131sa Sa\u00e7a Kaynak <\/figcaption><\/figure><\/div>\n\n\n\n<div class=\"wp-block-image\"><figure class=\"aligncenter\"><a href=\"https:\/\/web.archive.org\/web\/20180829182255\/http:\/\/sackaynak.co\/wp-content\/uploads\/2013\/05\/K\u0131sa-Sa\u00e7a-Kaynak-23.jpg\"><img decoding=\"async\" src=\"https:\/\/web.archive.org\/web\/20180829182255im_\/http:\/\/sackaynak.co\/wp-content\/uploads\/2013\/05\/K\u0131sa-Sa\u00e7a-Kaynak-23.jpg\" alt=\"K\u0131sa Sa\u00e7a Kaynak \" class=\"wp-image-485\"\/><\/a><figcaption> K\u0131sa Sa\u00e7a Kaynak <\/figcaption><\/figure><\/div>\n","protected":false},"excerpt":{"rendered":"<p>K\u0131sa Sa\u00e7a Kaynak \u00c7ok k\u0131sa sa\u00e7a yapt\u0131\u011f\u0131m\u0131z kayna\u011f\u0131n resimlerini ve k\u0131sa sa\u00e7a nas\u0131l mikro kaynak yap\u0131ld\u0131\u011f\u0131n\u0131n videosunu sizinle payla\u015faca\u011f\u0131z Sa\u00e7 Kaynak Uzman\u0131 Murat Koluk\u0131r\u0131k. Bir anl\u0131k \u00f6fkeyle kestirdi\u011finiz sa\u00e7lar\u0131n\u0131zdan memnun de\u011fil iseniz onlar\u0131 uzatmak m\u00fcmk\u00fcn mikro kaynak form\u00fcl\u00fcyle \u00e7ok k\u0131sa sa\u00e7lara bile kaynak yap\u0131labiliyor. Mobil ekip ile<\/p>\n","protected":false},"author":1,"featured_media":0,"parent":0,"menu_order":0,"comment_status":"closed","ping_status":"closed","template":"","meta":{"footnotes":""},"tags":[],"class_list":["post-31","page","type-page","status-publish","hentry"],"aioseo_notices":[],"_links":{"self":[{"href":"http:\/\/www.sackaynak.co\/index.php\/wp-json\/wp\/v2\/pages\/31","targetHints":{"allow":["GET"]}}],"collection":[{"href":"http:\/\/www.sackaynak.co\/index.php\/wp-json\/wp\/v2\/pages"}],"about":[{"href":"http:\/\/www.sackaynak.co\/index.php\/wp-json\/wp\/v2\/types\/page"}],"author":[{"embeddable":true,"href":"http:\/\/www.sackaynak.co\/index.php\/wp-json\/wp\/v2\/users\/1"}],"replies":[{"embeddable":true,"href":"http:\/\/www.sackaynak.co\/index.php\/wp-json\/wp\/v2\/comments?post=31"}],"version-history":[{"count":1,"href":"http:\/\/www.sackaynak.co\/index.php\/wp-json\/wp\/v2\/pages\/31\/revisions"}],"predecessor-version":[{"id":33,"href":"http:\/\/www.sackaynak.co\/index.php\/wp-json\/wp\/v2\/pages\/31\/revisions\/33"}],"wp:attachment":[{"href":"http:\/\/www.sackaynak.co\/index.php\/wp-json\/wp\/v2\/media?parent=31"}],"wp:term":[{"taxonomy":"post_tag","embeddable":true,"href":"http:\/\/www.sackaynak.co\/index.php\/wp-json\/wp\/v2\/tags?post=31"}],"curies":[{"name":"wp","href":"https:\/\/api.w.org\/{rel}","templated":true}]}}