{"id":34,"date":"2019-07-20T18:30:37","date_gmt":"2019-07-20T15:30:37","guid":{"rendered":"http:\/\/www.sackaynak.co\/?page_id=34"},"modified":"2019-07-20T18:30:37","modified_gmt":"2019-07-20T15:30:37","slug":"dalgali-sac-kaynak","status":"publish","type":"page","link":"http:\/\/www.sackaynak.co\/index.php\/dalgali-sac-kaynak\/","title":{"rendered":"Dalgal\u0131 Sa\u00e7 Kaynak"},"content":{"rendered":"\n<h2 class=\"wp-block-heading\">Dalgal\u0131 Sa\u00e7 Kaynaklar\u0131<\/h2>\n\n\n\n<div class=\"wp-block-image\"><figure class=\"aligncenter\"><a href=\"https:\/\/web.archive.org\/web\/20180829183049\/http:\/\/sackaynak.co\/wp-content\/uploads\/2013\/05\/sa\u00e7-kaynak-2.jpg\"><img decoding=\"async\" src=\"https:\/\/web.archive.org\/web\/20180829183049im_\/http:\/\/sackaynak.co\/wp-content\/uploads\/2013\/05\/sa\u00e7-kaynak-2.jpg\" alt=\"sa\u00e7 kaynak (2)\" class=\"wp-image-497\"\/><\/a><figcaption> Dalgal\u0131 Sa\u00e7 Kaynaklar\u0131 <\/figcaption><\/figure><\/div>\n\n\n\n<p>E\u011fer sa\u00e7lar\u0131n\u0131z dalgal\u0131 ise sa\u00e7 kayna\u011f\u0131 yap\u0131lacak sa\u00e7\u0131n kendi dalgal\u0131 ya da permal\u0131 <a href=\"https:\/\/web.archive.org\/web\/20180829183049\/http:\/\/sackaynak.co\/sac-kaynak\">sa\u00e7 kaynak<\/a> olmaas\u0131 laz\u0131m. Kosova\u2019dan gelen m\u00fc\u015fterimizin dalgal\u0131 sa\u00e7 kaynak resimlerini payla\u015f\u0131yoruz. <\/p>\n","protected":false},"excerpt":{"rendered":"<p>Dalgal\u0131 Sa\u00e7 Kaynaklar\u0131 E\u011fer sa\u00e7lar\u0131n\u0131z dalgal\u0131 ise sa\u00e7 kayna\u011f\u0131 yap\u0131lacak sa\u00e7\u0131n kendi dalgal\u0131 ya da permal\u0131 sa\u00e7 kaynak olmaas\u0131 laz\u0131m. Kosova\u2019dan gelen m\u00fc\u015fterimizin dalgal\u0131 sa\u00e7 kaynak resimlerini payla\u015f\u0131yoruz.<\/p>\n","protected":false},"author":1,"featured_media":0,"parent":0,"menu_order":0,"comment_status":"closed","ping_status":"closed","template":"","meta":{"footnotes":""},"tags":[],"class_list":["post-34","page","type-page","status-publish","hentry"],"aioseo_notices":[],"_links":{"self":[{"href":"http:\/\/www.sackaynak.co\/index.php\/wp-json\/wp\/v2\/pages\/34","targetHints":{"allow":["GET"]}}],"collection":[{"href":"http:\/\/www.sackaynak.co\/index.php\/wp-json\/wp\/v2\/pages"}],"about":[{"href":"http:\/\/www.sackaynak.co\/index.php\/wp-json\/wp\/v2\/types\/page"}],"author":[{"embeddable":true,"href":"http:\/\/www.sackaynak.co\/index.php\/wp-json\/wp\/v2\/users\/1"}],"replies":[{"embeddable":true,"href":"http:\/\/www.sackaynak.co\/index.php\/wp-json\/wp\/v2\/comments?post=34"}],"version-history":[{"count":1,"href":"http:\/\/www.sackaynak.co\/index.php\/wp-json\/wp\/v2\/pages\/34\/revisions"}],"predecessor-version":[{"id":36,"href":"http:\/\/www.sackaynak.co\/index.php\/wp-json\/wp\/v2\/pages\/34\/revisions\/36"}],"wp:attachment":[{"href":"http:\/\/www.sackaynak.co\/index.php\/wp-json\/wp\/v2\/media?parent=34"}],"wp:term":[{"taxonomy":"post_tag","embeddable":true,"href":"http:\/\/www.sackaynak.co\/index.php\/wp-json\/wp\/v2\/tags?post=34"}],"curies":[{"name":"wp","href":"https:\/\/api.w.org\/{rel}","templated":true}]}}