{"id":40,"date":"2019-07-20T18:34:32","date_gmt":"2019-07-20T15:34:32","guid":{"rendered":"http:\/\/www.sackaynak.co\/?page_id=40"},"modified":"2019-08-21T10:34:47","modified_gmt":"2019-08-21T07:34:47","slug":"boncuk-sac-kaynak","status":"publish","type":"page","link":"http:\/\/www.sackaynak.co\/index.php\/boncuk-sac-kaynak\/","title":{"rendered":"Boncuk Sa\u00e7 Kaynak"},"content":{"rendered":"\n<div class=\"wp-block-image\"><figure class=\"alignleft\"><a href=\"https:\/\/web.archive.org\/web\/20180829180452\/http:\/\/sackaynak.co\/wp-content\/uploads\/2012\/11\/Boncuk-Sa\u00e7-Kaynak-17.jpg\"><img decoding=\"async\" src=\"https:\/\/web.archive.org\/web\/20180829180452im_\/http:\/\/sackaynak.co\/wp-content\/uploads\/2012\/11\/Boncuk-Sa\u00e7-Kaynak-17-300x225.jpg\" alt=\"Boncuk Sa\u00e7 Kaynak \" class=\"wp-image-369\"\/><\/a><\/figure><\/div>\n\n\n\n<p>Boncuk <a href=\"http:\/\/sackaynak.co\/sac-kaynak\">sa\u00e7 kaynak<\/a> uygulamalar\u0131 T\u00fcrkiye\u2019de 1990 Y\u0131llardan beri uygulanmaktad\u0131r. Boncuk sa\u00e7 kaynak di\u011fer <strong><a href=\"http:\/\/sackaynak.co\/sac-kaynak\" target=\"_blank\" rel=\"noreferrer noopener\" aria-label=\" (yeni sekmede a\u00e7\u0131l\u0131r)\">sa\u00e7 kaynak<\/a><\/strong>  \u00e7e\u015fitlerine nazaran kullan\u0131\u015f\u0131, tak\u0131l\u0131p \u00e7\u0131karmas\u0131 daha pratik oldu\u011fu  i\u00e7in hakl\u0131 bir \u00fcne sahiptir. Boncuk sa\u00e7 kaynak do\u011fru uyguland\u0131\u011f\u0131 ve  sa\u00e7ta&nbsp; da\u011f\u0131l\u0131m\u0131 iyi yap\u0131ld\u0131\u011f\u0131nda sa\u00e7\u0131n\u0131zda kaynak oldu\u011fu d\u0131\u015far\u0131dan  anla\u015f\u0131lmaz.<\/p>\n\n\n\n<p>\u015eimdi boncuk sa\u00e7 kayna\u011f\u0131n bu \u00fcn\u00fcn\u00fc neye bor\u00e7lu oldu\u011funa bir g\u00f6z atal\u0131m.<\/p>\n\n\n\n<p>Boncuk <strong><a href=\"http:\/\/sackaynak.co\/sac-kaynak-fiyatlari\">sa\u00e7 kaynak fiyatlar\u0131<\/a><\/strong>  olarak k\u0131yasland\u0131\u011f\u0131nda di\u011fer sa\u00e7 kaynak \u00e7e\u015fitlerine k\u0131yasla en ekonomik  sa\u00e7 kaynak uygulamas\u0131d\u0131r. Sa\u00e7\u0131n\u0131za defalarca takt\u0131r\u0131p  \u00e7\u0131kartt\u0131rabilirsiniz. \u00d6zellikle <a href=\"https:\/\/web.archive.org\/web\/20180829180452\/http:\/\/sackaynak.co\/mikro-sac-kaynak\">Mikro Sa\u00e7 Kaynak<\/a> \u00e7e\u015fitleri ile k\u0131yasland\u0131\u011f\u0131nda en ekonomik sa\u00e7 kaynak uygulamas\u0131d\u0131r.<br> Boncuk Sa\u00e7 Kaynak ortalama bir sa\u00e7a tak\u0131lmas\u0131 gereken kaynak sa\u00e7 miktar\u0131 sa\u00e7\u0131n g\u00fcrl\u00fc\u011f\u00fcne g\u00f6re d\u00f6rt s\u0131n\u0131fa ay\u0131r\u0131rsak<\/p>\n\n\n\n<ol class=\"wp-block-list\"><li>120 -130 adet <a href=\"http:\/\/sackaynak.co\/boncuk-kaynak.html\">boncuk kaynak<\/a> sa\u00e7 az ve seyrek sa\u00e7lar i\u00e7in.<\/li><li>150 \u2013 170 adet boncuk sa\u00e7 kaynak normal sa\u00e7 g\u00fcrl\u00fc\u011f\u00fcne sahip ki\u015filer i\u00e7in.<\/li><li>180- 200 adet boncuk sa\u00e7 kaynak sa\u00e7lar\u0131 g\u00fcr ve yo\u011fun olan ki\u015filer i\u00e7in<\/li><li>200 -250 adet boncuk sa\u00e7 kaynak sa\u00e7lar\u0131 \u00e7ok g\u00fcr olan ki\u015filer i\u00e7indir.<\/li><\/ol>\n\n\n\n<p>Yukar\u0131daki verilen boncuk sa\u00e7 kaynak miktar\u0131 yakla\u015f\u0131k olarak verilmi\u015ftir daha az veya daha \u00e7ok boncuk sa\u00e7 kaynak tak\u0131labilir.<\/p>\n\n\n\n<p>Elbette boncuk sa\u00e7 kaynak tak\u0131l\u0131rken en \u00f6nemli konu tak\u0131lacak olan \nsa\u00e7\u0131n gramaj\u0131. \u0130lk kez boncuk sa\u00e7 kaynak takt\u0131racak olan ki\u015filer genelde\n tanesini ka\u00e7a tak\u0131yorsunuz? Diye sorar asl\u0131nda sorulmas\u0131 gereken \u015fey \nsa\u00e7\u0131ma takaca\u011f\u0131n\u0131z kaynak sa\u00e7lar\u0131n her bir tutam\u0131 ka\u00e7 gram olmal\u0131d\u0131r. \nBiz sach sa\u00e7 kaynak merkezi olarak merkezimizde takt\u0131\u011f\u0131m\u0131z boncuk \nkaynaklarda 0,75gr l\u0131k dolgun boncuk kaynak sa\u00e7lar\u0131 kullanmaktay\u0131z.<\/p>\n\n\n\n<p>Yani 150 adet boncuk kaynak = 100gr net fresi al\u0131nm\u0131\u015f sa\u00e7 demektir. \nPiyasada d\u00fc\u015f\u00fck fiyatlar ile \u00f6n plana \u00e7\u0131kmaya \u00e7al\u0131\u015fmakta olan sa\u00e7 kaynak \nyapan yerler verdikleri fiyatlar 0,45gr 0.65gr otalamas\u0131ndad\u0131r. Bu \ndurumda size tak\u0131lmakta olan 150adet sa\u00e7 kayna\u011f\u0131 sadece 75gr veya daha \naz miktarda gelmektedir ve sa\u00e7lar\u0131n\u0131zda \u00e7ok az miktarda kalacak olan bu \nboncuk sa\u00e7 kaynaklar kand\u0131rmaca dan ileri gitmemektedir.<\/p>\n\n\n\n<p>Boncuk sa\u00e7 kaynak sa\u00e7ta uygulamas\u0131nda bir di\u011fer \u00f6nemli unsur sa\u00e7\u0131n\u0131za\n tak\u0131lacak olan sa\u00e7\u0131n nereden geldi\u011fi \u00e7ok \u00f6nemli. Uzak do\u011fu k\u00f6kenli \u00c7in \nsa\u00e7lar\u0131 sizin sa\u00e7lar\u0131n\u0131z i\u00e7in \u00e7ok kal\u0131n telli ve sert olacakt\u0131r. Bu \ny\u00fczden kafkas b\u00f6lgemize uygun yumu\u015fak ve parlak sa\u00e7lar i\u00e7in Kafkas \n\u0131rk\u0131na ait 100% remy sa\u00e7lar\u0131 tercih etmelisiniz. 100 remy kafkas \u0131rk\u0131 \nsa\u00e7lar \u00d6zbekistan, T\u00fcrkmenistan, Azerbaycan, K\u0131rg\u0131zistan ve bu b\u00f6lgeye \ncivar\u0131nda ya\u015fayan ki\u015filere ait sa\u00e7lar b\u00f6lgemiz i\u00e7in en uygun sa\u00e7lard\u0131r. \nBiz T\u00fcrkyenin en \u00fcy\u00fck ve en iyi sach sa\u00e7 kaynak merkezi olarak sadece \nAAA Grade 1.s\u0131n\u0131f Kafkas \u0131rk\u0131na ait 1. s\u0131n\u0131f sa\u00e7lar\u0131 kullanmaktay\u0131z.<\/p>\n\n\n\n<p>Boncuk sa\u00e7 kaynak uygulamas\u0131nda en \u00f6nemlilerinden olan bir di\u011fer \nunsur sa\u00e7larda kullan\u0131lacak olan halka ve boncuklar\u0131n se\u00e7imi. Boncuk sa\u00e7\n kaynak i\u00e7in \u00f6zel olarak \u00fcretilmi\u015f olan 1. s\u0131n\u0131f titanyum ala\u015f\u0131ml\u0131 metal\n ve&nbsp; i\u00e7i sa\u00e7\u0131 ezmemesi i\u00e7i silikon destekli olan boncuklar se\u00e7ilmelidir.\n Ne yaz\u0131k ki sa\u00e7 kaynak piyasas\u0131nda piyasada boncuk sa\u00e7 kaynak \nuygulamas\u0131na uygun olmayan sa\u00e7lar\u0131n\u0131za kal\u0131c\u0131 hasar ve zarar verebilecek\n i\u00e7i yivli ve d\u00fcz halka ve boncuklar mevcuttur ve bu boncuk ve halkalar \nucuz bir se\u00e7enek oldu\u011fu i\u00e7in ekonomik kayg\u0131lar ile \u00e7ok ucuza sa\u00e7 kayna\u011f\u0131\n yapmaya \u00e7al\u0131\u015fan salonlar\u0131n tercihi olmaktad\u0131r. \u0130\u00e7i yivli halka ve \nboncuklar sa\u00e7\u0131n\u0131z\u0131n ezilerek bir s\u00fcre sonra sa\u00e7\u0131n\u0131z\u0131 toplama, \n\u015fekillendirme veya f\u00f6n \u00e7ektirirken sa\u00e7\u0131n\u0131za alaca\u011f\u0131n\u0131z darbeler ile \nsa\u00e7lar\u0131n\u0131z\u0131n kopmas\u0131na neden olur.<\/p>\n\n\n\n<p>Boncuk sa\u00e7 kaynak uygularken dikkat edilmesi gereken bir di\u011fer \u00f6nemli\n unsur boncuk sa\u00e7 kaynak yap\u0131l\u0131rken sa\u00e7lar\u0131n\u0131z\u0131n aras\u0131nda bo\u015fluk \nb\u0131rakmamakt\u0131r. Sa\u00e7lar\u0131n\u0131z\u0131n aras\u0131nda b\u0131rak\u0131lan bo\u015fluk yani ba\u015f\u0131bo\u015f \nsa\u00e7lar bir s\u00fcre sonra di\u011fer sa\u00e7lar ile dola\u015facakt\u0131r ve sa\u00e7lar\u0131n\u0131z\u0131n k\u00f6t\u00fc\n bir g\u00f6r\u00fcn\u00fcme sahip olmas\u0131na neden olacakt\u0131r.<\/p>\n\n\n\n<p>\u00d6zellikle r\u00f6fleli sa\u00e7 kaynak uygularken sa\u00e7lara boncuk sa\u00e7 kaynak \nyap\u0131l\u0131rken bir sa\u00e7 kaynak uzman\u0131n\u0131n maharetini kullanarak sa\u00e7lara \n\u00f6nceden haz\u0131rlam\u0131\u015f oldu\u011fu r\u00f6fleli boncuk sa\u00e7 kaynak u\u00e7lar\u0131n\u0131 takarak \u00e7ok\n do\u011fal ve kaliteli bir sa\u00e7 kaynak g\u00f6r\u00fcn\u00fcm\u00fc elde edebilmelidir.&nbsp; Sach sa\u00e7\n kaynak merkezi olarak r\u00f6fleli sa\u00e7 kaynak i\u00e7in sa\u00e7lara \u00f6zel haz\u0131rlam\u0131\u015f \noldu\u011fumu r\u00f6fle kokteyli olarak adland\u0131rd\u0131\u011f\u0131m\u0131z \u00f6zel r\u00f6fleli sa\u00e7lar ile \nsa\u00e7lar\u0131n\u0131za uygun iki renkli veya sizib se\u00e7iminize g\u00f6re, sa\u00e7\u0131n\u0131za uygun \nrenklerde \u00f6zenle boyanarak haz\u0131rlanm\u0131\u015f r\u00f6fleli boncuk sa\u00e7 kaynak \nu\u00e7lar\u0131n\u0131 sa\u00e7lar\u0131n\u0131za takmaktay\u0131z..<\/p>\n\n\n\n<p>Boncuk sa\u00e7 kaynak ile ilgili bilmek istedi\u011fini her t\u00fcrl\u00fc soruyu bu  sayfalarda yorum yaparak sorabilirsiniz. Boncuk sa\u00e7 kaynak hakk\u0131nda  genel olarak merak edilenler ise a\u015fa\u011f\u0131daki ba\u015fl\u0131klara sahip makaleler  ile sizlerin bilgisine sunulmu\u015ftur.<\/p>\n\n\n\n<figure class=\"wp-block-image\"><a href=\"https:\/\/web.archive.org\/web\/20180829180452\/http:\/\/sackaynak.co\/wp-content\/uploads\/2012\/11\/Boncuk-Sa\u00e7-Kaynak-14.jpg\"><img decoding=\"async\" src=\"https:\/\/web.archive.org\/web\/20180829180452im_\/http:\/\/sackaynak.co\/wp-content\/uploads\/2012\/11\/Boncuk-Sa\u00e7-Kaynak-14-150x150.jpg\" alt=\"Boncuk Sa\u00e7 Kaynak\"\/><\/a><\/figure>\n\n\n\n<figure class=\"wp-block-image\"><a href=\"https:\/\/web.archive.org\/web\/20180829180452\/http:\/\/sackaynak.co\/wp-content\/uploads\/2012\/11\/Boncuk-Sa\u00e7-Kaynak-15.jpg\"><img decoding=\"async\" src=\"https:\/\/web.archive.org\/web\/20180829180452im_\/http:\/\/sackaynak.co\/wp-content\/uploads\/2012\/11\/Boncuk-Sa\u00e7-Kaynak-15-150x150.jpg\" alt=\"Boncuk Sa\u00e7 Kaynak\"\/><\/a><\/figure>\n\n\n\n<figure class=\"wp-block-image\"><a href=\"https:\/\/web.archive.org\/web\/20180829180452\/http:\/\/sackaynak.co\/wp-content\/uploads\/2012\/11\/Boncuk-Sa\u00e7-Kaynak-16.jpg\"><img decoding=\"async\" src=\"https:\/\/web.archive.org\/web\/20180829180452im_\/http:\/\/sackaynak.co\/wp-content\/uploads\/2012\/11\/Boncuk-Sa\u00e7-Kaynak-16-150x150.jpg\" alt=\"Boncuk Sa\u00e7 Kaynak\"\/><\/a><\/figure>\n\n\n\n<figure class=\"wp-block-image\"><a href=\"https:\/\/web.archive.org\/web\/20180829180452\/http:\/\/sackaynak.co\/wp-content\/uploads\/2012\/11\/Boncuk-Sa\u00e7-Kaynak-17.jpg\"><img decoding=\"async\" src=\"https:\/\/web.archive.org\/web\/20180829180452im_\/http:\/\/sackaynak.co\/wp-content\/uploads\/2012\/11\/Boncuk-Sa\u00e7-Kaynak-17-150x150.jpg\" alt=\"Boncuk Sa\u00e7 Kaynak\"\/><\/a><\/figure>\n\n\n\n<figure class=\"wp-block-image\"><a href=\"https:\/\/web.archive.org\/web\/20180829180452\/http:\/\/sackaynak.co\/wp-content\/uploads\/2012\/11\/Boncuk-Sa\u00e7-Kaynak-18.jpg\"><img decoding=\"async\" src=\"https:\/\/web.archive.org\/web\/20180829180452im_\/http:\/\/sackaynak.co\/wp-content\/uploads\/2012\/11\/Boncuk-Sa\u00e7-Kaynak-18-150x150.jpg\" alt=\"Boncuk Sa\u00e7 Kaynak\"\/><\/a><\/figure>\n\n\n\n<figure class=\"wp-block-image\"><a href=\"https:\/\/web.archive.org\/web\/20180829180452\/http:\/\/sackaynak.co\/wp-content\/uploads\/2012\/11\/Boncuk-Sa\u00e7-Kaynak-19.jpg\"><img decoding=\"async\" src=\"https:\/\/web.archive.org\/web\/20180829180452im_\/http:\/\/sackaynak.co\/wp-content\/uploads\/2012\/11\/Boncuk-Sa\u00e7-Kaynak-19-150x150.jpg\" alt=\"Boncuk Sa\u00e7 Kaynak\"\/><\/a><\/figure>\n\n\n\n<figure class=\"wp-block-image\"><a href=\"https:\/\/web.archive.org\/web\/20180829180452\/http:\/\/sackaynak.co\/wp-content\/uploads\/2012\/11\/Boncuk-Sa\u00e7-Kaynak-2.jpg\"><img decoding=\"async\" src=\"https:\/\/web.archive.org\/web\/20180829180452im_\/http:\/\/sackaynak.co\/wp-content\/uploads\/2012\/11\/Boncuk-Sa\u00e7-Kaynak-2-150x150.jpg\" alt=\"Boncuk Sa\u00e7 Kaynak\"\/><\/a><\/figure>\n\n\n\n<figure class=\"wp-block-image\"><a href=\"https:\/\/web.archive.org\/web\/20180829180452\/http:\/\/sackaynak.co\/wp-content\/uploads\/2012\/11\/Boncuk-Sa\u00e7-Kaynak-3.jpg\"><img decoding=\"async\" src=\"https:\/\/web.archive.org\/web\/20180829180452im_\/http:\/\/sackaynak.co\/wp-content\/uploads\/2012\/11\/Boncuk-Sa\u00e7-Kaynak-3-150x150.jpg\" alt=\"Boncuk Sa\u00e7 Kaynak\"\/><\/a><\/figure>\n\n\n\n<figure class=\"wp-block-image\"><a href=\"https:\/\/web.archive.org\/web\/20180829180452\/http:\/\/sackaynak.co\/wp-content\/uploads\/2012\/11\/Boncuk-Sa\u00e7-Kaynak-4.jpg\"><img decoding=\"async\" src=\"https:\/\/web.archive.org\/web\/20180829180452im_\/http:\/\/sackaynak.co\/wp-content\/uploads\/2012\/11\/Boncuk-Sa\u00e7-Kaynak-4-150x150.jpg\" alt=\"Boncuk Sa\u00e7 Kaynak\"\/><\/a><\/figure>\n\n\n\n<figure class=\"wp-block-image\"><a href=\"https:\/\/web.archive.org\/web\/20180829180452\/http:\/\/sackaynak.co\/wp-content\/uploads\/2012\/11\/Boncuk-Sa\u00e7-Kaynak-5.jpg\"><img decoding=\"async\" src=\"https:\/\/web.archive.org\/web\/20180829180452im_\/http:\/\/sackaynak.co\/wp-content\/uploads\/2012\/11\/Boncuk-Sa\u00e7-Kaynak-5-150x150.jpg\" alt=\"Boncuk Sa\u00e7 Kaynak\"\/><\/a><\/figure>\n\n\n\n<figure class=\"wp-block-image\"><a href=\"https:\/\/web.archive.org\/web\/20180829180452\/http:\/\/sackaynak.co\/wp-content\/uploads\/2012\/11\/Boncuk-Sa\u00e7-Kaynak-6.jpg\"><img decoding=\"async\" src=\"https:\/\/web.archive.org\/web\/20180829180452im_\/http:\/\/sackaynak.co\/wp-content\/uploads\/2012\/11\/Boncuk-Sa\u00e7-Kaynak-6-150x150.jpg\" alt=\"Boncuk Sa\u00e7 Kaynak\"\/><\/a><\/figure>\n\n\n\n<figure class=\"wp-block-image\"><a href=\"https:\/\/web.archive.org\/web\/20180829180452\/http:\/\/sackaynak.co\/wp-content\/uploads\/2012\/11\/Boncuk-Sa\u00e7-Kaynak-7.jpg\"><img decoding=\"async\" src=\"https:\/\/web.archive.org\/web\/20180829180452im_\/http:\/\/sackaynak.co\/wp-content\/uploads\/2012\/11\/Boncuk-Sa\u00e7-Kaynak-7-150x150.jpg\" alt=\"Boncuk Sa\u00e7 Kaynak\"\/><\/a><\/figure>\n\n\n\n<figure class=\"wp-block-image\"><a href=\"https:\/\/web.archive.org\/web\/20180829180452\/http:\/\/sackaynak.co\/wp-content\/uploads\/2012\/11\/Boncuk-Sa\u00e7-Kaynak-8.jpg\"><img decoding=\"async\" src=\"https:\/\/web.archive.org\/web\/20180829180452im_\/http:\/\/sackaynak.co\/wp-content\/uploads\/2012\/11\/Boncuk-Sa\u00e7-Kaynak-8-150x150.jpg\" alt=\"Boncuk Sa\u00e7 Kaynak\"\/><\/a><\/figure>\n\n\n\n<figure class=\"wp-block-image\"><a href=\"https:\/\/web.archive.org\/web\/20180829180452\/http:\/\/sackaynak.co\/wp-content\/uploads\/2012\/11\/Boncuk-Sa\u00e7-Kaynak-9.jpg\"><img decoding=\"async\" src=\"https:\/\/web.archive.org\/web\/20180829180452im_\/http:\/\/sackaynak.co\/wp-content\/uploads\/2012\/11\/Boncuk-Sa\u00e7-Kaynak-9-150x150.jpg\" alt=\"Boncuk Sa\u00e7 Kaynak\"\/><\/a><\/figure>\n\n\n\n<figure class=\"wp-block-image\"><a href=\"https:\/\/web.archive.org\/web\/20180829180452\/http:\/\/sackaynak.co\/wp-content\/uploads\/2012\/11\/Boncuk-Sa\u00e7-Kaynak1.jpg\"><img decoding=\"async\" src=\"https:\/\/web.archive.org\/web\/20180829180452im_\/http:\/\/sackaynak.co\/wp-content\/uploads\/2012\/11\/Boncuk-Sa\u00e7-Kaynak1-150x150.jpg\" alt=\"Boncuk Sa\u00e7 Kaynak\"\/><\/a><\/figure>\n\n\n\n<figure class=\"wp-block-image\"><a href=\"https:\/\/web.archive.org\/web\/20180829180452\/http:\/\/sackaynak.co\/wp-content\/uploads\/2012\/11\/Boncuk-Sa\u00e7-Kaynak-1.jpg\"><img decoding=\"async\" src=\"https:\/\/web.archive.org\/web\/20180829180452im_\/http:\/\/sackaynak.co\/wp-content\/uploads\/2012\/11\/Boncuk-Sa\u00e7-Kaynak-1-150x150.jpg\" alt=\"Boncuk Sa\u00e7 Kaynak\"\/><\/a><\/figure>\n\n\n\n<figure class=\"wp-block-image\"><a href=\"https:\/\/web.archive.org\/web\/20180829180452\/http:\/\/sackaynak.co\/wp-content\/uploads\/2012\/11\/Boncuk-Sa\u00e7-Kaynak-10.jpg\"><img decoding=\"async\" src=\"https:\/\/web.archive.org\/web\/20180829180452im_\/http:\/\/sackaynak.co\/wp-content\/uploads\/2012\/11\/Boncuk-Sa\u00e7-Kaynak-10-150x150.jpg\" alt=\"Boncuk Sa\u00e7 Kaynak\"\/><\/a><\/figure>\n\n\n\n<figure class=\"wp-block-image\"><a href=\"https:\/\/web.archive.org\/web\/20180829180452\/http:\/\/sackaynak.co\/wp-content\/uploads\/2012\/11\/Boncuk-Sa\u00e7-Kaynak-11.jpg\"><img decoding=\"async\" src=\"https:\/\/web.archive.org\/web\/20180829180452im_\/http:\/\/sackaynak.co\/wp-content\/uploads\/2012\/11\/Boncuk-Sa\u00e7-Kaynak-11-150x150.jpg\" alt=\"Boncuk Sa\u00e7 Kaynak\"\/><\/a><\/figure>\n","protected":false},"excerpt":{"rendered":"<p>Boncuk sa\u00e7 kaynak uygulamalar\u0131 T\u00fcrkiye\u2019de 1990 Y\u0131llardan beri uygulanmaktad\u0131r. Boncuk sa\u00e7 kaynak di\u011fer sa\u00e7 kaynak \u00e7e\u015fitlerine nazaran kullan\u0131\u015f\u0131, tak\u0131l\u0131p \u00e7\u0131karmas\u0131 daha pratik oldu\u011fu i\u00e7in hakl\u0131 bir \u00fcne sahiptir. Boncuk sa\u00e7 kaynak do\u011fru uyguland\u0131\u011f\u0131 ve sa\u00e7ta&nbsp; da\u011f\u0131l\u0131m\u0131 iyi yap\u0131ld\u0131\u011f\u0131nda sa\u00e7\u0131n\u0131zda kaynak oldu\u011fu d\u0131\u015far\u0131dan anla\u015f\u0131lmaz. \u015eimdi boncuk sa\u00e7 kayna\u011f\u0131n<\/p>\n","protected":false},"author":1,"featured_media":0,"parent":0,"menu_order":0,"comment_status":"closed","ping_status":"closed","template":"","meta":{"footnotes":""},"tags":[18,7,6,3,17],"class_list":["post-40","page","type-page","status-publish","hentry","tag-boncuk-kaynak","tag-boncuk-sac-kaynak","tag-mikro-sac-kaynak","tag-sac-kaynak","tag-sac-kaynak-fiyatlari"],"aioseo_notices":[],"_links":{"self":[{"href":"http:\/\/www.sackaynak.co\/index.php\/wp-json\/wp\/v2\/pages\/40","targetHints":{"allow":["GET"]}}],"collection":[{"href":"http:\/\/www.sackaynak.co\/index.php\/wp-json\/wp\/v2\/pages"}],"about":[{"href":"http:\/\/www.sackaynak.co\/index.php\/wp-json\/wp\/v2\/types\/page"}],"author":[{"embeddable":true,"href":"http:\/\/www.sackaynak.co\/index.php\/wp-json\/wp\/v2\/users\/1"}],"replies":[{"embeddable":true,"href":"http:\/\/www.sackaynak.co\/index.php\/wp-json\/wp\/v2\/comments?post=40"}],"version-history":[{"count":2,"href":"http:\/\/www.sackaynak.co\/index.php\/wp-json\/wp\/v2\/pages\/40\/revisions"}],"predecessor-version":[{"id":60,"href":"http:\/\/www.sackaynak.co\/index.php\/wp-json\/wp\/v2\/pages\/40\/revisions\/60"}],"wp:attachment":[{"href":"http:\/\/www.sackaynak.co\/index.php\/wp-json\/wp\/v2\/media?parent=40"}],"wp:term":[{"taxonomy":"post_tag","embeddable":true,"href":"http:\/\/www.sackaynak.co\/index.php\/wp-json\/wp\/v2\/tags?post=40"}],"curies":[{"name":"wp","href":"https:\/\/api.w.org\/{rel}","templated":true}]}}