{"id":43,"date":"2019-07-20T18:35:27","date_gmt":"2019-07-20T15:35:27","guid":{"rendered":"http:\/\/www.sackaynak.co\/?page_id=43"},"modified":"2019-07-20T18:35:27","modified_gmt":"2019-07-20T15:35:27","slug":"keratin-sac-kaynak","status":"publish","type":"page","link":"http:\/\/www.sackaynak.co\/index.php\/keratin-sac-kaynak\/","title":{"rendered":"Keratin Sa\u00e7 Kaynak"},"content":{"rendered":"\n<h2 class=\"wp-block-heading\">Keratin Sa\u00e7 Kaynak Uygulamas\u0131<\/h2>\n\n\n\n<p>Keratin <a href=\"http:\/\/sackaynak.co\/sac-kaynak\">sa\u00e7 kaynak<\/a> slikon sa\u00e7 kaynak uygulamas\u0131ndan sonra 90l\u0131 y\u0131llar\u0131n ortalar\u0131ndan beri uygulanan en eski <a rel=\"noreferrer noopener\" aria-label=\" (yeni sekmede a\u00e7\u0131l\u0131r)\" href=\"http:\/\/sackaynak.co\/sac-kaynak\" target=\"_blank\">sa\u00e7 kaynak<\/a>  y\u00f6ntemlerinden birisidir. 1980 y\u0131llarda silikon sa\u00e7 kaynak  uygulamas\u0131ndan sonra sa\u00e7 kaynak d\u00fcnyas\u0131nda devrim olarak adland\u0131r\u0131lan <a href=\"http:\/\/sackaynak.co\/keratin-sac-kaynak.html\">keratin sa\u00e7 kaynak<\/a>  sa\u00e7lar\u0131 \u00e7ok ince telli olan ki\u015filerin ve ince telli zay\u0131f sa\u00e7 yap\u0131s\u0131na  sahip olan kuzey Avrupa \u0131rk\u0131 ve Slav \u0131rk\u0131n\u0131n sa\u00e7 yap\u0131s\u0131 i\u00e7in \u00e7ok ideal  olan bir sa\u00e7 kaynak uzatma ve dolgunla\u015ft\u0131rma y\u00f6ntemidir.<\/p>\n\n\n\n<p>Keratin sa\u00e7 kaynak uygulamas\u0131 Avrupa \u00fclkeleri Almanya, Hollanda, \n\u0130sve\u00e7, \u0130svi\u00e7re, Bel\u00e7ika, Ukrayna, Norve\u00e7 ve di\u011fer Avrupa \u00fclkelerinin \nfavori sa\u00e7 kaynak uzatma ve yo\u011funla\u015ft\u0131rma y\u00f6ntemidir. Avrupa\u2019da halen \nkeratin sa\u00e7 kaynak en \u00e7ok tercih edilen sa\u00e7 kaynak \u00e7e\u015fitleri \naras\u0131ndad\u0131r.<\/p>\n\n\n\n<p>Peki, keratin sa\u00e7 kaynak uygulamas\u0131n\u0131n Avrupa\u2019da bu kadar tercih edilmesinin en \u00f6nemli sebebi nedir?<br>\nKeratin sa\u00e7 kaynak i\u00e7in kullan\u0131lan \u201cKeratin\u201d insan v\u00fccudunda do\u011fal \nolarak sa\u00e7 ve t\u0131rnak yap\u0131m\u0131zda do\u011fal olarak var olan bir maddedir. \nKeratin maddesinin ana maddesi t\u0131rnak, boynuz, sa\u00e7 ve k\u0131l gibi \u00fcst deri \n\u00fcr\u00fcn\u00fc olan yap\u0131lar\u0131 olu\u015fturan proteinli bir maddedir. Keratin sa\u00e7 kaynak\n yap\u0131m\u0131nda kullan\u0131lan keratin maddesi do\u011fal ve organik bir madde oldu\u011fu \ni\u00e7in sa\u00e7lara ve cilde zarar vermez. Bu y\u00fczden keratin sa\u00e7 kaynak \nAvrupada tercih sebebidir.<\/p>\n\n\n\n<p>Keratin sa\u00e7 kaynak sa\u00e7 uzatma sistemi olarak uygulanmaya ba\u015fland\u0131\u011f\u0131 \nilk y\u0131llardan beri farkl\u0131 keratin sa\u00e7 kaynak uygulama \u015fekilleri ile \nyap\u0131lm\u0131\u015ft\u0131r. Keratin sa\u00e7 kaynak keratin \u00e7ubuklar yani keratin stick veya\n gran\u00fcl keratin maddesi ham sa\u00e7 tutamlar\u0131n\u0131n u\u00e7lar\u0131na \u00f6zel olarak U, V \nve d\u00fcz \u015fekillerde sa\u00e7 kayna\u011f\u0131 uygulayacak olan kuaf\u00f6r ya da sa\u00e7 kaynak \nuzman\u0131n\u0131n tercihine g\u00f6re haz\u0131rlanmaktad\u0131r. \u00d6zel olarak Haz\u0131rlanan \nkeratin sa\u00e7 kaynak u\u00e7lar\u0131 foto\u011fraflarda da g\u00f6r\u00fcld\u00fc\u011f\u00fc gibi muntazam \n\u015fekilde keratin sa\u00e7kaynak ucu olarak haz\u0131rlanmaktad\u0131r. Ve yine \u00f6zel \nkeratin sa\u00e7 kaynak makinesi ile \u0131s\u0131 y\u00f6ntemi ile kendi do\u011fal sa\u00e7\u0131n\u0131zda \neritilir ve ilave yap\u0131lacak sa\u00e7 parmak ucu ile yuvarlayarak sa\u00e7a \ntutturulur.<\/p>\n\n\n\n<p>Keratin sa\u00e7 kaynak uygulamas\u0131n\u0131 yapman\u0131n di\u011fer bir y\u00f6ntemi keratin \n\u00e7ubuk eritici keratin sa\u00e7 kaynak makinesi ile ilave yap\u0131lacak sa\u00e7a \nerimi\u015f olan keratin damlat\u0131larak ham sa\u00e7 ve keratin sa\u00e7 kaynak \nkullan\u0131c\u0131s\u0131n\u0131n sa\u00e7lar\u0131 birbirine tutturulur. Keratin sa\u00e7 kaynak \nuygulamas\u0131nda uygulanan bu sistem di\u011fer keratin kaynak sisteminden biraz\n daha uzun s\u00fcrd\u00fc\u011f\u00fc i\u00e7in genelde \u00f6nceden haz\u0131rlanm\u0131\u015f olan keratin sa\u00e7 \nkaynak u\u00e7lar\u0131 keratin kaynak makinesi ile eritilmek suretiyle keratin \nsa\u00e7 kaynak yap\u0131lmaktad\u0131r.<\/p>\n\n\n\n<p>Keratin sa\u00e7 kaynak uygulamalarnda&nbsp; se\u00e7ilmesi gereken keratin sa\u00e7 \nkaynak malzemeleri \u00e7ok \u00f6nemlidir. Keratin sa\u00e7 kaynak sa\u00e7larda kullan\u0131lan\n keratinin kalitesi sa\u00e7 kayna\u011f\u0131n\u0131n sonucunu direkt olarak \netkilemektedir. Piyasada ne yaz\u0131k ki keratin ad\u0131 alt\u0131nda sat\u0131lmakta olan\n silikon i\u00e7erikli ve pvc kar\u0131\u015f\u0131ml\u0131 malzemeler ile yap\u0131lan keratin sa\u00e7 \nkaynaklar\u0131 sa\u00e7a zarar vermektedir. Biz sach sa\u00e7 kaynak merkezi olarak \nkendi ihtiyac\u0131m\u0131z olan keratin sa\u00e7 kaynak malzemeleri se\u00e7imini titizlik \nile yapmaktay\u0131z.<br>\nD\u00fcnya \u00fczerinde en iyi kalite olarak bilinen \u0130talyan keratini olarak \nbilinen saf keratin ile imal edilen keratin sa\u00e7 kaynak u\u00e7lar\u0131n\u0131 \nkullanmaktay\u0131z.<\/p>\n\n\n\n<p>Keratin sa\u00e7 kaynak uygulamas\u0131 sa\u00e7lar\u0131n\u0131zda 3 ay ila 7 ay aras\u0131nda kullan\u0131labilmektedir.<\/p>\n\n\n\n<p>En iyi sa\u00e7 kaynak hangisi <a href=\"http:\/\/sackaynak.co\/keratin-sac-kaynak\">Keratin sa\u00e7 kaynak<\/a> m\u0131 <a href=\"http:\/\/sackaynak.co\/boncuk-sac-kaynak\" target=\"_blank\" rel=\"noreferrer noopener\" aria-label=\" (yeni sekmede a\u00e7\u0131l\u0131r)\">boncuk sa\u00e7 kaynak<\/a> m\u0131?<\/p>\n\n\n\n<h2 class=\"wp-block-heading\">Keratin Sa\u00e7 Kaynak \u00c7e\u015fitleri<\/h2>\n\n\n\n<ul class=\"wp-block-list\"><li>\nKeratin Plus Sa\u00e7 Kaynak\n<\/li><li>\n\u0130talyan Keratin Sa\u00e7 Kaynak\n<\/li><\/ul>\n\n\n\n<div class=\"wp-block-image\"><figure class=\"alignleft\"><a href=\"https:\/\/web.archive.org\/web\/20180829195545\/http:\/\/sackaynak.co\/wp-content\/uploads\/2012\/11\/Keratin-Sa\u00e7-Kaynak-9.jpg\"><img decoding=\"async\" src=\"https:\/\/web.archive.org\/web\/20180829195545im_\/http:\/\/sackaynak.co\/wp-content\/uploads\/2012\/11\/Keratin-Sa\u00e7-Kaynak-9.jpg\" alt=\"Keratin Sa\u00e7 Kaynak\" class=\"wp-image-401\"\/><\/a><\/figure><\/div>\n\n\n\n<figure class=\"wp-block-image\"><a href=\"https:\/\/web.archive.org\/web\/20180829195545\/http:\/\/sackaynak.co\/wp-content\/uploads\/2012\/11\/Keratin-Sa\u00e7-Kaynak.jpg\"><img decoding=\"async\" src=\"https:\/\/web.archive.org\/web\/20180829195545im_\/http:\/\/sackaynak.co\/wp-content\/uploads\/2012\/11\/Keratin-Sa\u00e7-Kaynak-150x150.jpg\" alt=\"Keratin Sa\u00e7 Kaynak\"\/><\/a><\/figure>\n\n\n\n<figure class=\"wp-block-image\"><a href=\"https:\/\/web.archive.org\/web\/20180829195545\/http:\/\/sackaynak.co\/wp-content\/uploads\/2012\/11\/Keratin-Sa\u00e7-Kaynak-1.jpg\"><img decoding=\"async\" src=\"https:\/\/web.archive.org\/web\/20180829195545im_\/http:\/\/sackaynak.co\/wp-content\/uploads\/2012\/11\/Keratin-Sa\u00e7-Kaynak-1-150x150.jpg\" alt=\"Keratin Sa\u00e7 Kaynak\"\/><\/a><\/figure>\n\n\n\n<figure class=\"wp-block-image\"><a href=\"https:\/\/web.archive.org\/web\/20180829195545\/http:\/\/sackaynak.co\/wp-content\/uploads\/2012\/11\/Keratin-Sa\u00e7-Kaynak-2.jpg\"><img decoding=\"async\" src=\"https:\/\/web.archive.org\/web\/20180829195545im_\/http:\/\/sackaynak.co\/wp-content\/uploads\/2012\/11\/Keratin-Sa\u00e7-Kaynak-2-150x150.jpg\" alt=\"Keratin Sa\u00e7 Kaynak\"\/><\/a><\/figure>\n\n\n\n<figure class=\"wp-block-image\"><a href=\"https:\/\/web.archive.org\/web\/20180829195545\/http:\/\/sackaynak.co\/wp-content\/uploads\/2012\/11\/Keratin-Sa\u00e7-Kaynak-3.jpg\"><img decoding=\"async\" src=\"https:\/\/web.archive.org\/web\/20180829195545im_\/http:\/\/sackaynak.co\/wp-content\/uploads\/2012\/11\/Keratin-Sa\u00e7-Kaynak-3-150x150.jpg\" alt=\"Keratin Sa\u00e7 Kaynak\"\/><\/a><\/figure>\n\n\n\n<figure class=\"wp-block-image\"><a href=\"https:\/\/web.archive.org\/web\/20180829195545\/http:\/\/sackaynak.co\/wp-content\/uploads\/2012\/11\/Keratin-Sa\u00e7-Kaynak-4.jpg\"><img decoding=\"async\" src=\"https:\/\/web.archive.org\/web\/20180829195545im_\/http:\/\/sackaynak.co\/wp-content\/uploads\/2012\/11\/Keratin-Sa\u00e7-Kaynak-4-150x150.jpg\" alt=\"Keratin Sa\u00e7 Kaynak\"\/><\/a><\/figure>\n\n\n\n<figure class=\"wp-block-image\"><a href=\"https:\/\/web.archive.org\/web\/20180829195545\/http:\/\/sackaynak.co\/wp-content\/uploads\/2012\/11\/Keratin-Sa\u00e7-Kaynak-5.jpg\"><img decoding=\"async\" src=\"https:\/\/web.archive.org\/web\/20180829195545im_\/http:\/\/sackaynak.co\/wp-content\/uploads\/2012\/11\/Keratin-Sa\u00e7-Kaynak-5-150x150.jpg\" alt=\"Keratin Sa\u00e7 Kaynak\"\/><\/a><\/figure>\n\n\n\n<figure class=\"wp-block-image\"><a href=\"https:\/\/web.archive.org\/web\/20180829195545\/http:\/\/sackaynak.co\/wp-content\/uploads\/2012\/11\/Keratin-Sa\u00e7-Kaynak-6.jpg\"><img decoding=\"async\" src=\"https:\/\/web.archive.org\/web\/20180829195545im_\/http:\/\/sackaynak.co\/wp-content\/uploads\/2012\/11\/Keratin-Sa\u00e7-Kaynak-6-150x150.jpg\" alt=\"Keratin Sa\u00e7 Kaynak\"\/><\/a><\/figure>\n\n\n\n<figure class=\"wp-block-image\"><a href=\"https:\/\/web.archive.org\/web\/20180829195545\/http:\/\/sackaynak.co\/wp-content\/uploads\/2012\/11\/Keratin-Sa\u00e7-Kaynak-7.jpg\"><img decoding=\"async\" src=\"https:\/\/web.archive.org\/web\/20180829195545im_\/http:\/\/sackaynak.co\/wp-content\/uploads\/2012\/11\/Keratin-Sa\u00e7-Kaynak-7-150x150.jpg\" alt=\"\"\/><\/a><\/figure>\n\n\n\n<figure class=\"wp-block-image\"><a href=\"https:\/\/web.archive.org\/web\/20180829195545\/http:\/\/sackaynak.co\/wp-content\/uploads\/2012\/11\/Keratin-Sa\u00e7-Kaynak-8.jpg\"><img decoding=\"async\" src=\"https:\/\/web.archive.org\/web\/20180829195545im_\/http:\/\/sackaynak.co\/wp-content\/uploads\/2012\/11\/Keratin-Sa\u00e7-Kaynak-8-150x150.jpg\" alt=\"\"\/><\/a><\/figure>\n\n\n\n<figure class=\"wp-block-image\"><a href=\"https:\/\/web.archive.org\/web\/20180829195545\/http:\/\/sackaynak.co\/wp-content\/uploads\/2012\/11\/Keratin-Sa\u00e7-Kaynak-9.jpg\"><img decoding=\"async\" src=\"https:\/\/web.archive.org\/web\/20180829195545im_\/http:\/\/sackaynak.co\/wp-content\/uploads\/2012\/11\/Keratin-Sa\u00e7-Kaynak-9-150x150.jpg\" alt=\"Keratin Sa\u00e7 Kaynak\"\/><\/a><\/figure>\n\n\n\n<figure class=\"wp-block-image\"><a href=\"https:\/\/web.archive.org\/web\/20180829195545\/http:\/\/sackaynak.co\/wp-content\/uploads\/2012\/11\/Keratin-Sa\u00e7-Kaynak-10.jpg\"><img decoding=\"async\" src=\"https:\/\/web.archive.org\/web\/20180829195545im_\/http:\/\/sackaynak.co\/wp-content\/uploads\/2012\/11\/Keratin-Sa\u00e7-Kaynak-10-150x150.jpg\" alt=\"Keratin Sa\u00e7 Kaynak\"\/><\/a><\/figure>\n","protected":false},"excerpt":{"rendered":"<p>Keratin Sa\u00e7 Kaynak Uygulamas\u0131 Keratin sa\u00e7 kaynak slikon sa\u00e7 kaynak uygulamas\u0131ndan sonra 90l\u0131 y\u0131llar\u0131n ortalar\u0131ndan beri uygulanan en eski sa\u00e7 kaynak y\u00f6ntemlerinden birisidir. 1980 y\u0131llarda silikon sa\u00e7 kaynak uygulamas\u0131ndan sonra sa\u00e7 kaynak d\u00fcnyas\u0131nda devrim olarak adland\u0131r\u0131lan keratin sa\u00e7 kaynak sa\u00e7lar\u0131 \u00e7ok ince telli olan ki\u015filerin ve ince<\/p>\n","protected":false},"author":1,"featured_media":0,"parent":0,"menu_order":0,"comment_status":"closed","ping_status":"closed","template":"","meta":{"footnotes":""},"tags":[],"class_list":["post-43","page","type-page","status-publish","hentry"],"aioseo_notices":[],"_links":{"self":[{"href":"http:\/\/www.sackaynak.co\/index.php\/wp-json\/wp\/v2\/pages\/43","targetHints":{"allow":["GET"]}}],"collection":[{"href":"http:\/\/www.sackaynak.co\/index.php\/wp-json\/wp\/v2\/pages"}],"about":[{"href":"http:\/\/www.sackaynak.co\/index.php\/wp-json\/wp\/v2\/types\/page"}],"author":[{"embeddable":true,"href":"http:\/\/www.sackaynak.co\/index.php\/wp-json\/wp\/v2\/users\/1"}],"replies":[{"embeddable":true,"href":"http:\/\/www.sackaynak.co\/index.php\/wp-json\/wp\/v2\/comments?post=43"}],"version-history":[{"count":1,"href":"http:\/\/www.sackaynak.co\/index.php\/wp-json\/wp\/v2\/pages\/43\/revisions"}],"predecessor-version":[{"id":45,"href":"http:\/\/www.sackaynak.co\/index.php\/wp-json\/wp\/v2\/pages\/43\/revisions\/45"}],"wp:attachment":[{"href":"http:\/\/www.sackaynak.co\/index.php\/wp-json\/wp\/v2\/media?parent=43"}],"wp:term":[{"taxonomy":"post_tag","embeddable":true,"href":"http:\/\/www.sackaynak.co\/index.php\/wp-json\/wp\/v2\/tags?post=43"}],"curies":[{"name":"wp","href":"https:\/\/api.w.org\/{rel}","templated":true}]}}