{"id":46,"date":"2019-07-20T18:35:56","date_gmt":"2019-07-20T15:35:56","guid":{"rendered":"http:\/\/www.sackaynak.co\/?page_id=46"},"modified":"2019-07-20T18:35:56","modified_gmt":"2019-07-20T15:35:56","slug":"mikro-kaynak","status":"publish","type":"page","link":"http:\/\/www.sackaynak.co\/index.php\/mikro-kaynak\/","title":{"rendered":"Mikro Kaynak"},"content":{"rendered":"\n<h2 class=\"wp-block-heading\"><strong><em>Mikro Kaynak Nedir?<\/em><\/strong><\/h2>\n\n\n\n<p>Mikro kaynak ya da piyasada di\u011fer isimleri ile mikro jel kaynak,  g\u00f6r\u00fcnmez mikro jel kaynak gibi farkl\u0131 isimler ile bilinmektedir. Mikro  kaynak sa\u00e7 klasik <a href=\"http:\/\/sackaynak.co\/sac-kaynak\">sa\u00e7 kaynak<\/a>  y\u00f6ntemleri ile ayn\u0131 uygulama sistemine sahiptir. Mikro kaynak  yap\u0131\u015ft\u0131rma y\u00f6ntemi ile yap\u0131lmakta olan sa\u00e7 kaynak sistemlerinin en  yenidir. E\u011fer yap\u0131\u015ft\u0131rma y\u00f6ntemi sa\u00e7 kayna\u011f\u0131 d\u00fc\u015f\u00fcn\u00fcyorsan\u0131z tam size  g\u00f6re.\u00a0 A\u015fa\u011f\u0131daki Video da Mikro Kaynak sa\u00e7 nas\u0131l yap\u0131l\u0131r vide ayr\u0131nt\u0131l\u0131  bir \u015fekilde a\u015famalar\u0131n\u0131 izleyebilirsiniz.<\/p>\n\n\n\n<h2 class=\"wp-block-heading\"><strong><em><strong><em>Mikro Kaynak Video \u0130zle<\/em><\/strong><\/em><\/strong><\/h2>\n\n\n\n<div class=\"wp-block-image\"><figure class=\"aligncenter\"><a href=\"https:\/\/web.archive.org\/web\/20180829200346\/http:\/\/www.youtube.com\/watch?v=hZRXxkddMYM\" rel=\"wp-prettyPhoto[46]\"><img decoding=\"async\" src=\"https:\/\/web.archive.org\/web\/20180829200346im_\/http:\/\/img.youtube.com\/vi\/hZRXxkddMYM\/0.jpg\" alt=\"YouTube Preview Image\"\/><\/a><figcaption>Mikro Kaynak<\/figcaption><\/figure><\/div>\n","protected":false},"excerpt":{"rendered":"<p>Mikro Kaynak Nedir? Mikro kaynak ya da piyasada di\u011fer isimleri ile mikro jel kaynak, g\u00f6r\u00fcnmez mikro jel kaynak gibi farkl\u0131 isimler ile bilinmektedir. Mikro kaynak sa\u00e7 klasik sa\u00e7 kaynak y\u00f6ntemleri ile ayn\u0131 uygulama sistemine sahiptir. Mikro kaynak yap\u0131\u015ft\u0131rma y\u00f6ntemi ile yap\u0131lmakta olan sa\u00e7 kaynak sistemlerinin en yenidir.<\/p>\n","protected":false},"author":1,"featured_media":0,"parent":0,"menu_order":0,"comment_status":"closed","ping_status":"closed","template":"","meta":{"footnotes":""},"tags":[],"class_list":["post-46","page","type-page","status-publish","hentry"],"aioseo_notices":[],"_links":{"self":[{"href":"http:\/\/www.sackaynak.co\/index.php\/wp-json\/wp\/v2\/pages\/46","targetHints":{"allow":["GET"]}}],"collection":[{"href":"http:\/\/www.sackaynak.co\/index.php\/wp-json\/wp\/v2\/pages"}],"about":[{"href":"http:\/\/www.sackaynak.co\/index.php\/wp-json\/wp\/v2\/types\/page"}],"author":[{"embeddable":true,"href":"http:\/\/www.sackaynak.co\/index.php\/wp-json\/wp\/v2\/users\/1"}],"replies":[{"embeddable":true,"href":"http:\/\/www.sackaynak.co\/index.php\/wp-json\/wp\/v2\/comments?post=46"}],"version-history":[{"count":1,"href":"http:\/\/www.sackaynak.co\/index.php\/wp-json\/wp\/v2\/pages\/46\/revisions"}],"predecessor-version":[{"id":48,"href":"http:\/\/www.sackaynak.co\/index.php\/wp-json\/wp\/v2\/pages\/46\/revisions\/48"}],"wp:attachment":[{"href":"http:\/\/www.sackaynak.co\/index.php\/wp-json\/wp\/v2\/media?parent=46"}],"wp:term":[{"taxonomy":"post_tag","embeddable":true,"href":"http:\/\/www.sackaynak.co\/index.php\/wp-json\/wp\/v2\/tags?post=46"}],"curies":[{"name":"wp","href":"https:\/\/api.w.org\/{rel}","templated":true}]}}